{"id":429,"date":"2021-05-03T11:14:32","date_gmt":"2021-05-03T11:14:32","guid":{"rendered":"https:\/\/tiappsolutions.com\/index.php\/home-2\/"},"modified":"2023-06-19T22:18:12","modified_gmt":"2023-06-19T22:18:12","slug":"home-2","status":"publish","type":"page","link":"https:\/\/tiappsolutions.com\/","title":{"rendered":"Home"},"content":{"rendered":"<style>\/*! elementor - v3.13.0 - 04-05-2023 *\/\n.elementor-heading-title{padding:0;margin:0;line-height:1}.elementor-widget-heading .elementor-heading-title[class*=elementor-size-]>a{color:inherit;font-size:inherit;line-height:inherit}.elementor-widget-heading .elementor-heading-title.elementor-size-small{font-size:15px}.elementor-widget-heading .elementor-heading-title.elementor-size-medium{font-size:19px}.elementor-widget-heading .elementor-heading-title.elementor-size-large{font-size:29px}.elementor-widget-heading .elementor-heading-title.elementor-size-xl{font-size:39px}.elementor-widget-heading .elementor-heading-title.elementor-size-xxl{font-size:59px}<\/style>\n<h2>Calidad, cumplimiento y seguridad continuos<\/h2>\n<h6>La estabilidad del software y el rendimiento constante son la clave para un negocio exitoso, descubre como\u00a0TIAPPSOLUTIONS\u00a0puede ayudarte a lograrlo<\/h6>\n<h2>Soluciones para cada necesidad<\/h2>\n<p>\u00a0Ayudamos a liberar tu software m\u00e1s r\u00e1pido y con mejor calidad<\/p>\n<style>\/*! elementor - v3.13.0 - 04-05-2023 *\/\n.elementor-widget-image{text-align:center}.elementor-widget-image a{display:inline-block}.elementor-widget-image a img[src$=\".svg\"]{width:48px}.elementor-widget-image img{vertical-align:middle;display:inline-block}<\/style>\n<p>\t\t\t\t\t\t\t\t\t\t\t\t<img decoding=\"async\" src=\"https:\/\/tiappsolutions.com\/wp-content\/uploads\/elementor\/thumbs\/dtp-policy-q4md7oyjl70w2ng56tu06dipuvshofhx9wtuwpoz0c.png\" title=\"dtp-policy\" alt=\"dtp-policy\" loading=\"lazy\" \/>\t\t\t\t\t\t\t\t\t\t\t\t\t\t\t<\/p>\n<p><strong>Datos de Prueba Simplificados<\/strong><\/p>\n<p>&gt; Extracci\u00f3n de Datos<br \/>&gt; Protecci\u00f3n de Datos de Prueba<br \/>&gt; Administraci\u00f3n de Datos de Prueba<\/p>\n<p><\/p>\n<p>\t\t\t\t\t\t\t\t\t\t\t\t\t\t\t<img decoding=\"async\" src=\"https:\/\/tiappsolutions.com\/wp-content\/uploads\/elementor\/thumbs\/dtp-pie-q4mcyub98cwoquazvi3h73xgh9f271cx23o97wtflo.png\" title=\"dtp-pie\" alt=\"dtp-pie\" loading=\"lazy\" \/>\t\t\t\t\t\t\t\t\t\t\t\t\t\t\t<\/p>\n<p><strong>Gesti\u00f3n del Entorno de Pruebas<\/strong><\/p>\n<p>&gt; Datos de Prueba Virtuales<br \/>&gt; Virtualizaci\u00f3n de Servicios<br \/>&gt; Aprovisionamiento de Entornos<\/p>\n<p><\/p>\n<p><\/p>\n<p>\t\t\t\t\t\t\t\t\t\t\t\t\t\t\t<img decoding=\"async\" src=\"https:\/\/tiappsolutions.com\/wp-content\/uploads\/elementor\/thumbs\/virtualize-test-environment-management-q4mcnghmtqylm9aeo97hmszzsgsikj4nxam3tou8yw.png\" title=\"virtualize-test-environment-management\" alt=\"virtualize-test-environment-management\" loading=\"lazy\" \/>\t\t\t\t\t\t\t\t\t\t\t\t\t\t\t<\/p>\n<p><strong>Monitoreo y Gesti\u00f3n <\/strong><\/p>\n<p>&gt; Observabilidad<br \/>&gt; Monitoreo de aplicaciones<br \/>&gt; Monitoreo de infraestructura<br \/>&gt; Exploraci\u00f3n, an\u00e1lisis y manejo de logs<\/p>\n<p>\u00a0<\/p>\n<p>\t\t\t\t\t\t\t\t\t\t\t\t\t\t\t<img decoding=\"async\" src=\"https:\/\/tiappsolutions.com\/wp-content\/uploads\/elementor\/thumbs\/virtualize-test-environment-management-q4mcnghmtqylm9aeo97hmszzsgsikj4nxam3tou8yw.png\" title=\"virtualize-test-environment-management\" alt=\"virtualize-test-environment-management\" loading=\"lazy\" \/>\t\t\t\t\t\t\t\t\t\t\t\t\t\t\t<\/p>\n<p><strong>Pruebas&nbsp; &nbsp;Funcionales<\/strong><\/p>\n<p>&gt; Prueba de Interfaz de Usuario<br \/>&gt; Pruebas de API<br \/>&gt; Pruebas de Carga y Rendimientor<\/p>\n<p><\/p>\n<p>\t\t\t\t\t\t\t\t\t\t\t\t\t\t\t<img decoding=\"async\" src=\"https:\/\/tiappsolutions.com\/wp-content\/uploads\/elementor\/thumbs\/ctest-code-coverage-q4mc6gkp8loxo3z8xepd1lex2mkkdknel5x0ek1jhk.png\" title=\"ctest-code-coverage\" alt=\"ctest-code-coverage\" loading=\"lazy\" \/>\t\t\t\t\t\t\t\t\t\t\t\t\t\t\t<\/p>\n<p><strong>Pruebas de Desarrollo<\/strong><\/p>\n<p>&gt; An\u00e1lisis de C\u00f3digo Est\u00e1tico<br \/>&gt; Pruebas Unitarias<br \/>&gt; Cobertura del C\u00f3digo<br \/>&gt; Cumplimiento de Seguridad<\/p>\n<p><\/p>\n<\/p>\n<p>En<strong>\u00a0Grupo PF<\/strong>\u00a0compartimos conocimientos, habilidades y experiencias con nuestros clientes y prospectos que ayuden a identificar y resolver necesidades a trav\u00e9s de la integraci\u00f3n de gente profesional, metodolog\u00edas y tecnolog\u00edas aplicadas para mejorar la calidad de sus procesos, incrementar los niveles de servicio e Incrementar sus ganancias<\/p>\n<p>\t\t\t\t\t\t\t\t\t\t\t\t\t\t\t<img decoding=\"async\" width=\"425\" height=\"282\" src=\"https:\/\/tiappsolutions.com\/wp-content\/uploads\/2023\/04\/05e3dc_943db37ac3dd4d1ea09be299afc177d1.webp\" alt=\"\" loading=\"lazy\" \/>\t\t\t\t\t\t\t\t\t\t\t\t\t\t\t<\/p>\n<ul>\n<li><strong>Obtenga eficiencia y mayor calidad en sus procesos.<\/strong><\/li>\n<li><strong>Agilice el ciclo de vida aplicativo con DevOps.<\/strong><\/li>\n<li><strong>Reduzca la complejidad del desarrollo y mejore el desarrollo \u00e1gil.<\/strong><\/li>\n<li><strong>Obtenga eficiencia a trav\u00e9s de pruebas integrales de software automatizadas.<\/strong><\/li>\n<li><strong>Obtenga libertad de las dependencias restringidas en su entorno de prueba.<\/strong><\/li>\n<li><strong>Obtenga informaci\u00f3n de todas sus pruebas de software.<\/strong><\/li>\n<\/ul>\n<p>\t\t\t\t\t\t\t\t\t\t\t\t\t\t\t<img decoding=\"async\" width=\"552\" height=\"544\" src=\"https:\/\/tiappsolutions.com\/wp-content\/uploads\/2023\/04\/app-security-reports-e1681838308128.png\" alt=\"\" loading=\"lazy\" \/>\t\t\t\t\t\t\t\t\t\t\t\t\t\t\t<\/p>\n<style>\/*! elementor - v3.13.0 - 04-05-2023 *\/\n.elementor-widget-image-carousel .swiper,.elementor-widget-image-carousel .swiper-container{position:static}.elementor-widget-image-carousel .swiper-container .swiper-slide figure,.elementor-widget-image-carousel .swiper .swiper-slide figure{line-height:inherit}.elementor-widget-image-carousel .swiper-slide{text-align:center}.elementor-image-carousel-wrapper:not(.swiper-container-initialized):not(.swiper-initialized) .swiper-slide{max-width:calc(100% \/ var(--e-image-carousel-slides-to-show, 3))}<\/style>\n<figure><img decoding=\"async\" src=\"https:\/\/tiappsolutions.com\/wp-content\/uploads\/2023\/04\/BANORTE-300x169.jpg\" alt=\"BANORTE\" \/><\/figure>\n<figure><img decoding=\"async\" src=\"https:\/\/tiappsolutions.com\/wp-content\/uploads\/2023\/04\/officedepot-300x150.jpg\" alt=\"officedepot\" \/><\/figure>\n<figure><img decoding=\"async\" src=\"https:\/\/tiappsolutions.com\/wp-content\/uploads\/2023\/04\/santander-300915-300x168.png\" alt=\"santander-300915\" \/><\/figure>\n<figure><img decoding=\"async\" src=\"https:\/\/tiappsolutions.com\/wp-content\/uploads\/2023\/04\/TELMEX-300x174.jpg\" alt=\"TELMEX\" \/><\/figure>\n<figure><img decoding=\"async\" src=\"https:\/\/tiappsolutions.com\/wp-content\/uploads\/2023\/04\/actinver_btn-300x211.jpg\" alt=\"actinver_btn\" \/><\/figure>\n<figure><img decoding=\"async\" src=\"https:\/\/tiappsolutions.com\/wp-content\/uploads\/2023\/04\/BBVA-BANCOMER-300x169.jpg\" alt=\"BBVA BANCOMER\" \/><\/figure>\n<figure><img decoding=\"async\" src=\"https:\/\/tiappsolutions.com\/wp-content\/uploads\/2023\/04\/CARREFOUR-300x174.png\" alt=\"CARREFOUR\" \/><\/figure>\n<figure><img decoding=\"async\" src=\"https:\/\/tiappsolutions.com\/wp-content\/uploads\/2023\/04\/ECO1105054b616d7a0_0-300x188.jpg\" alt=\"ECO1105054b616d7a0_0\" \/><\/figure>\n<figure><img decoding=\"async\" src=\"https:\/\/tiappsolutions.com\/wp-content\/uploads\/2023\/04\/elektra-compra-en-linea-750x410-1-300x163.png\" alt=\"elektra-compra-en-linea-750x410\" \/><\/figure>\n<figure><img decoding=\"async\" src=\"https:\/\/tiappsolutions.com\/wp-content\/uploads\/2023\/04\/liverpool173121290thumbnail-300x211.jpg\" alt=\"liverpool173121290thumbnail\" \/><\/figure>\n<figure><img decoding=\"async\" src=\"https:\/\/tiappsolutions.com\/wp-content\/uploads\/2023\/04\/MAPFRE-300x157.jpg\" alt=\"MAPFRE\" \/><\/figure>\n<figure><img decoding=\"async\" src=\"https:\/\/tiappsolutions.com\/wp-content\/uploads\/2023\/04\/CoppelLogo2-1200-300x150.jpg\" alt=\"CoppelLogo2-1200\" \/><\/figure>\n<figure><img decoding=\"async\" src=\"https:\/\/tiappsolutions.com\/wp-content\/uploads\/2023\/04\/logo-Chubb-oq5i8q9ol8uwrejmeac6hf9p7qaxkyk8rarq78iv66-300x158.jpg\" alt=\"logo-Chubb-oq5i8q9ol8uwrejmeac6hf9p7qaxkyk8rarq78iv66\" \/><\/figure>\n<figure><img decoding=\"async\" src=\"https:\/\/tiappsolutions.com\/wp-content\/uploads\/2023\/04\/e-global-logo-300x214.png\" alt=\"e-global-logo\" \/><\/figure>\n<p>\t\t\t\t\t\t<svg aria-hidden=\"true\" viewBox=\"0 0 1000 1000\" xmlns=\"http:\/\/www.w3.org\/2000\/svg\"><path d=\"M646 125C629 125 613 133 604 142L308 442C296 454 292 471 292 487 292 504 296 521 308 533L604 854C617 867 629 875 646 875 663 875 679 871 692 858 704 846 713 829 713 812 713 796 708 779 692 767L438 487 692 225C700 217 708 204 708 187 708 171 704 154 692 142 675 129 663 125 646 125Z\"><\/path><\/svg>\t\t\t\t\t\tPrevious image<br \/>\n\t\t\t\t\t\t<svg aria-hidden=\"true\" viewBox=\"0 0 1000 1000\" xmlns=\"http:\/\/www.w3.org\/2000\/svg\"><path d=\"M696 533C708 521 713 504 713 487 713 471 708 454 696 446L400 146C388 133 375 125 354 125 338 125 325 129 313 142 300 154 292 171 292 187 292 204 296 221 308 233L563 492 304 771C292 783 288 800 288 817 288 833 296 850 308 863 321 871 338 875 354 875 371 875 388 867 400 854L696 533Z\"><\/path><\/svg>\t\t\t\t\t\tNext image<\/p>\n","protected":false},"excerpt":{"rendered":"<p>Calidad, cumplimiento y seguridad continuos La estabilidad del software y el rendimiento constante son la clave para un negocio exitoso, descubre como\u00a0TIAPPSOLUTIONS\u00a0puede ayudarte a lograrlo Soluciones para cada necesidad \u00a0Ayudamos a liberar tu software m\u00e1s r\u00e1pido y con mejor calidad Datos de Prueba Simplificados &gt; Extracci\u00f3n de Datos&gt; Protecci\u00f3n de Datos de Prueba&gt; Administraci\u00f3n de &hellip;<\/p>\n<p class=\"read-more\"> <a class=\"\" href=\"https:\/\/tiappsolutions.com\/\"> <span class=\"screen-reader-text\">Home<\/span> Read More &raquo;<\/a><\/p>\n","protected":false},"author":1,"featured_media":0,"parent":0,"menu_order":0,"comment_status":"closed","ping_status":"closed","template":"","meta":{"_eb_attr":"","_uag_custom_page_level_css":"","site-sidebar-layout":"no-sidebar","site-content-layout":"page-builder","ast-global-header-display":"","ast-main-header-display":"","ast-hfb-above-header-display":"","ast-hfb-below-header-display":"","ast-hfb-mobile-header-display":"","site-post-title":"disabled","ast-breadcrumbs-content":"","ast-featured-img":"disabled","footer-sml-layout":"","theme-transparent-header-meta":"enabled","adv-header-id-meta":"","stick-header-meta":"","header-above-stick-meta":"","header-main-stick-meta":"","header-below-stick-meta":"","footnotes":""},"class_list":["post-429","page","type-page","status-publish","hentry"],"uagb_featured_image_src":{"full":false,"thumbnail":false,"medium":false,"medium_large":false,"large":false,"1536x1536":false,"2048x2048":false,"slider-bg":false,"card-grid":false,"card-list":false},"uagb_author_info":{"display_name":"admin","author_link":"https:\/\/tiappsolutions.com\/index.php\/author\/admin\/"},"uagb_comment_info":0,"uagb_excerpt":"Calidad, cumplimiento y seguridad continuos La estabilidad del software y el rendimiento constante son la clave para un negocio exitoso, descubre como\u00a0TIAPPSOLUTIONS\u00a0puede ayudarte a lograrlo Soluciones para cada necesidad \u00a0Ayudamos a liberar tu software m\u00e1s r\u00e1pido y con mejor calidad Datos de Prueba Simplificados &gt; Extracci\u00f3n de Datos&gt; Protecci\u00f3n de Datos de Prueba&gt; Administraci\u00f3n de&hellip;","rttpg_featured_image_url":null,"rttpg_author":{"display_name":"admin","author_link":"https:\/\/tiappsolutions.com\/index.php\/author\/admin\/"},"rttpg_comment":0,"rttpg_category":null,"rttpg_excerpt":"Calidad, cumplimiento y seguridad continuos La estabilidad del software y el rendimiento constante son la clave para un negocio exitoso, descubre como\u00a0TIAPPSOLUTIONS\u00a0puede ayudarte a lograrlo Soluciones para cada necesidad \u00a0Ayudamos a liberar tu software m\u00e1s r\u00e1pido y con mejor calidad Datos de Prueba Simplificados &gt; Extracci\u00f3n de Datos&gt; Protecci\u00f3n de Datos de Prueba&gt; Administraci\u00f3n de&hellip;","_links":{"self":[{"href":"https:\/\/tiappsolutions.com\/index.php\/wp-json\/wp\/v2\/pages\/429","targetHints":{"allow":["GET"]}}],"collection":[{"href":"https:\/\/tiappsolutions.com\/index.php\/wp-json\/wp\/v2\/pages"}],"about":[{"href":"https:\/\/tiappsolutions.com\/index.php\/wp-json\/wp\/v2\/types\/page"}],"author":[{"embeddable":true,"href":"https:\/\/tiappsolutions.com\/index.php\/wp-json\/wp\/v2\/users\/1"}],"replies":[{"embeddable":true,"href":"https:\/\/tiappsolutions.com\/index.php\/wp-json\/wp\/v2\/comments?post=429"}],"version-history":[{"count":217,"href":"https:\/\/tiappsolutions.com\/index.php\/wp-json\/wp\/v2\/pages\/429\/revisions"}],"predecessor-version":[{"id":1072,"href":"https:\/\/tiappsolutions.com\/index.php\/wp-json\/wp\/v2\/pages\/429\/revisions\/1072"}],"wp:attachment":[{"href":"https:\/\/tiappsolutions.com\/index.php\/wp-json\/wp\/v2\/media?parent=429"}],"curies":[{"name":"wp","href":"https:\/\/api.w.org\/{rel}","templated":true}]}}